{"id":808,"date":"2026-03-21T00:27:06","date_gmt":"2026-03-21T00:27:06","guid":{"rendered":"https:\/\/saborebitebar.com\/?post_type=product&#038;p=808"},"modified":"2026-03-21T00:33:23","modified_gmt":"2026-03-21T00:33:23","slug":"fruit-toppings-bite-bar-reservation","status":"publish","type":"product","link":"https:\/\/saborebitebar.com\/es\/producto\/fruit-toppings-bite-bar-reservation\/","title":{"rendered":"Fruit &#038; Toppings Bite Bar Reservation"},"content":{"rendered":"<p data-start=\"498\" data-end=\"635\">Reserve our Fruit &amp; Toppings Bite Bar for your next event and offer a fresh, colorful, and interactive experience your guests will enjoy.<\/p>\n<p data-start=\"637\" data-end=\"804\">Featuring seasonal fresh fruits served with our signature house cream, complemented with a variety of toppings such as granola, coconut, chocolate, and sweet drizzles.<\/p>\n<p data-start=\"806\" data-end=\"949\">A perfect option for brunches, corporate events, wellness-focused gatherings, and celebrations looking for a lighter and refreshing experience.<\/p>\n<p data-start=\"951\" data-end=\"988\">Se requiere un m\u00ednimo de 20 invitados por evento.<\/p>\n<p data-start=\"990\" data-end=\"1096\">Seleccione el n\u00famero de invitados y asegure su fecha con un dep\u00f3sito de 50% utilizando el c\u00f3digo <strong data-start=\"1069\" data-end=\"1083\">DEP\u00d3SITO50<\/strong> al pagar.<\/p>\n<p data-start=\"1098\" data-end=\"1214\">Tras su reserva, nuestro equipo se pondr\u00e1 en contacto con usted para confirmar la disponibilidad, los detalles del evento y las opciones de personalizaci\u00f3n.<\/p>","protected":false},"excerpt":{"rendered":"<p>Reserve our Fruit &amp; Toppings Bite Bar for your next event and offer a fresh, colorful, and interactive experience your guests will enjoy. Featuring seasonal fresh fruits served with our signature house cream, complemented with a variety of toppings such as granola, coconut, chocolate, and sweet drizzles. A perfect option for brunches, corporate events, wellness-focused [&hellip;]<\/p>\n","protected":false},"featured_media":779,"comment_status":"open","ping_status":"closed","template":"","meta":{"_joinchat":[]},"product_brand":[],"product_cat":[29,28],"product_tag":[],"class_list":{"0":"post-808","1":"product","2":"type-product","3":"status-publish","4":"has-post-thumbnail","6":"product_cat-bite-bars","7":"product_cat-servicios","9":"first","10":"instock","11":"taxable","12":"shipping-taxable","13":"purchasable","14":"product-type-simple"},"yoast_head":"<!-- This site is optimized with the Yoast SEO plugin v27.0 - https:\/\/yoast.com\/product\/yoast-seo-wordpress\/ -->\n<title>Fruit &amp; Toppings Bite Bar Reservation - Sabor\u00e9 Bite Bar<\/title>\n<meta name=\"description\" content=\"Reserve your Fruit &amp; Toppings Bite Bar for your next event. Fresh fruits with our signature house cream and toppings. Book your date today with a 50% deposit.\" \/>\n<meta name=\"robots\" content=\"index, follow, max-snippet:-1, max-image-preview:large, max-video-preview:-1\" \/>\n<link rel=\"canonical\" href=\"https:\/\/saborebitebar.com\/es\/producto\/fruit-toppings-bite-bar-reservation\/\" \/>\n<meta property=\"og:locale\" content=\"es_MX\" \/>\n<meta property=\"og:type\" content=\"article\" \/>\n<meta property=\"og:title\" content=\"Fruit &amp; Toppings Bite Bar Reservation - Sabor\u00e9 Bite Bar\" \/>\n<meta property=\"og:description\" content=\"Reserve your Fruit &amp; Toppings Bite Bar for your next event. Fresh fruits with our signature house cream and toppings. Book your date today with a 50% deposit.\" \/>\n<meta property=\"og:url\" content=\"https:\/\/saborebitebar.com\/es\/producto\/fruit-toppings-bite-bar-reservation\/\" \/>\n<meta property=\"og:site_name\" content=\"Sabor\u00e9 Bite Bar\" \/>\n<meta property=\"article:modified_time\" content=\"2026-03-21T00:33:23+00:00\" \/>\n<meta property=\"og:image\" content=\"https:\/\/saborebitebar.com\/wp-content\/uploads\/2026\/03\/ChatGPT-Image-20-mar-2026-12_02_55-1024x683.png\" \/>\n\t<meta property=\"og:image:width\" content=\"1024\" \/>\n\t<meta property=\"og:image:height\" content=\"683\" \/>\n\t<meta property=\"og:image:type\" content=\"image\/png\" \/>\n<meta name=\"twitter:card\" content=\"summary_large_image\" \/>\n<meta name=\"twitter:label1\" content=\"Tiempo de lectura\" \/>\n\t<meta name=\"twitter:data1\" content=\"1 minuto\" \/>\n<script type=\"application\/ld+json\" class=\"yoast-schema-graph\">{\"@context\":\"https:\/\/schema.org\",\"@graph\":[{\"@type\":\"WebPage\",\"@id\":\"https:\/\/saborebitebar.com\/product\/fruit-toppings-bite-bar-reservation\/\",\"url\":\"https:\/\/saborebitebar.com\/product\/fruit-toppings-bite-bar-reservation\/\",\"name\":\"Fruit & Toppings Bite Bar Reservation - Sabor\u00e9 Bite Bar\",\"isPartOf\":{\"@id\":\"https:\/\/saborebitebar.com\/#website\"},\"primaryImageOfPage\":{\"@id\":\"https:\/\/saborebitebar.com\/product\/fruit-toppings-bite-bar-reservation\/#primaryimage\"},\"image\":{\"@id\":\"https:\/\/saborebitebar.com\/product\/fruit-toppings-bite-bar-reservation\/#primaryimage\"},\"thumbnailUrl\":\"https:\/\/saborebitebar.com\/wp-content\/uploads\/2026\/03\/ChatGPT-Image-20-mar-2026-12_02_55.png\",\"datePublished\":\"2026-03-21T00:27:06+00:00\",\"dateModified\":\"2026-03-21T00:33:23+00:00\",\"description\":\"Reserve your Fruit & Toppings Bite Bar for your next event. Fresh fruits with our signature house cream and toppings. Book your date today with a 50% deposit.\",\"breadcrumb\":{\"@id\":\"https:\/\/saborebitebar.com\/product\/fruit-toppings-bite-bar-reservation\/#breadcrumb\"},\"inLanguage\":\"es\",\"potentialAction\":[{\"@type\":\"ReadAction\",\"target\":[\"https:\/\/saborebitebar.com\/product\/fruit-toppings-bite-bar-reservation\/\"]}]},{\"@type\":\"ImageObject\",\"inLanguage\":\"es\",\"@id\":\"https:\/\/saborebitebar.com\/product\/fruit-toppings-bite-bar-reservation\/#primaryimage\",\"url\":\"https:\/\/saborebitebar.com\/wp-content\/uploads\/2026\/03\/ChatGPT-Image-20-mar-2026-12_02_55.png\",\"contentUrl\":\"https:\/\/saborebitebar.com\/wp-content\/uploads\/2026\/03\/ChatGPT-Image-20-mar-2026-12_02_55.png\",\"width\":1536,\"height\":1024},{\"@type\":\"BreadcrumbList\",\"@id\":\"https:\/\/saborebitebar.com\/product\/fruit-toppings-bite-bar-reservation\/#breadcrumb\",\"itemListElement\":[{\"@type\":\"ListItem\",\"position\":1,\"name\":\"Home\",\"item\":\"https:\/\/saborebitebar.com\/\"},{\"@type\":\"ListItem\",\"position\":2,\"name\":\"Shop\",\"item\":\"https:\/\/saborebitebar.com\/shop\/\"},{\"@type\":\"ListItem\",\"position\":3,\"name\":\"Fruit &#038; Toppings Bite Bar Reservation\"}]},{\"@type\":\"WebSite\",\"@id\":\"https:\/\/saborebitebar.com\/#website\",\"url\":\"https:\/\/saborebitebar.com\/\",\"name\":\"Sabor\u00e9 Bite Bar\",\"description\":\"\",\"publisher\":{\"@id\":\"https:\/\/saborebitebar.com\/#organization\"},\"potentialAction\":[{\"@type\":\"SearchAction\",\"target\":{\"@type\":\"EntryPoint\",\"urlTemplate\":\"https:\/\/saborebitebar.com\/?s={search_term_string}\"},\"query-input\":{\"@type\":\"PropertyValueSpecification\",\"valueRequired\":true,\"valueName\":\"search_term_string\"}}],\"inLanguage\":\"es\"},{\"@type\":\"Organization\",\"@id\":\"https:\/\/saborebitebar.com\/#organization\",\"name\":\"Sabor\u00e9 Bite Bar\",\"url\":\"https:\/\/saborebitebar.com\/\",\"logo\":{\"@type\":\"ImageObject\",\"inLanguage\":\"es\",\"@id\":\"https:\/\/saborebitebar.com\/#\/schema\/logo\/image\/\",\"url\":\"https:\/\/saborebitebar.com\/wp-content\/uploads\/2025\/12\/BEIGE-LINEAL.png\",\"contentUrl\":\"https:\/\/saborebitebar.com\/wp-content\/uploads\/2025\/12\/BEIGE-LINEAL.png\",\"width\":638,\"height\":384,\"caption\":\"Sabor\u00e9 Bite Bar\"},\"image\":{\"@id\":\"https:\/\/saborebitebar.com\/#\/schema\/logo\/image\/\"}}]}<\/script>\n<!-- \/ Yoast SEO plugin. -->","yoast_head_json":{"title":"Fruit & Toppings Bite Bar Reservation - Sabor\u00e9 Bite Bar","description":"Reserve your Fruit & Toppings Bite Bar for your next event. Fresh fruits with our signature house cream and toppings. Book your date today with a 50% deposit.","robots":{"index":"index","follow":"follow","max-snippet":"max-snippet:-1","max-image-preview":"max-image-preview:large","max-video-preview":"max-video-preview:-1"},"canonical":"https:\/\/saborebitebar.com\/es\/producto\/fruit-toppings-bite-bar-reservation\/","og_locale":"es_MX","og_type":"article","og_title":"Fruit & Toppings Bite Bar Reservation - Sabor\u00e9 Bite Bar","og_description":"Reserve your Fruit & Toppings Bite Bar for your next event. Fresh fruits with our signature house cream and toppings. Book your date today with a 50% deposit.","og_url":"https:\/\/saborebitebar.com\/es\/producto\/fruit-toppings-bite-bar-reservation\/","og_site_name":"Sabor\u00e9 Bite Bar","article_modified_time":"2026-03-21T00:33:23+00:00","og_image":[{"width":1024,"height":683,"url":"https:\/\/saborebitebar.com\/wp-content\/uploads\/2026\/03\/ChatGPT-Image-20-mar-2026-12_02_55-1024x683.png","type":"image\/png"}],"twitter_card":"summary_large_image","twitter_misc":{"Tiempo de lectura":"1 minuto"},"schema":{"@context":"https:\/\/schema.org","@graph":[{"@type":"WebPage","@id":"https:\/\/saborebitebar.com\/product\/fruit-toppings-bite-bar-reservation\/","url":"https:\/\/saborebitebar.com\/product\/fruit-toppings-bite-bar-reservation\/","name":"Fruit & Toppings Bite Bar Reservation - Sabor\u00e9 Bite Bar","isPartOf":{"@id":"https:\/\/saborebitebar.com\/#website"},"primaryImageOfPage":{"@id":"https:\/\/saborebitebar.com\/product\/fruit-toppings-bite-bar-reservation\/#primaryimage"},"image":{"@id":"https:\/\/saborebitebar.com\/product\/fruit-toppings-bite-bar-reservation\/#primaryimage"},"thumbnailUrl":"https:\/\/saborebitebar.com\/wp-content\/uploads\/2026\/03\/ChatGPT-Image-20-mar-2026-12_02_55.png","datePublished":"2026-03-21T00:27:06+00:00","dateModified":"2026-03-21T00:33:23+00:00","description":"Reserve your Fruit & Toppings Bite Bar for your next event. Fresh fruits with our signature house cream and toppings. Book your date today with a 50% deposit.","breadcrumb":{"@id":"https:\/\/saborebitebar.com\/product\/fruit-toppings-bite-bar-reservation\/#breadcrumb"},"inLanguage":"es","potentialAction":[{"@type":"ReadAction","target":["https:\/\/saborebitebar.com\/product\/fruit-toppings-bite-bar-reservation\/"]}]},{"@type":"ImageObject","inLanguage":"es","@id":"https:\/\/saborebitebar.com\/product\/fruit-toppings-bite-bar-reservation\/#primaryimage","url":"https:\/\/saborebitebar.com\/wp-content\/uploads\/2026\/03\/ChatGPT-Image-20-mar-2026-12_02_55.png","contentUrl":"https:\/\/saborebitebar.com\/wp-content\/uploads\/2026\/03\/ChatGPT-Image-20-mar-2026-12_02_55.png","width":1536,"height":1024},{"@type":"BreadcrumbList","@id":"https:\/\/saborebitebar.com\/product\/fruit-toppings-bite-bar-reservation\/#breadcrumb","itemListElement":[{"@type":"ListItem","position":1,"name":"Home","item":"https:\/\/saborebitebar.com\/"},{"@type":"ListItem","position":2,"name":"Shop","item":"https:\/\/saborebitebar.com\/shop\/"},{"@type":"ListItem","position":3,"name":"Fruit &#038; Toppings Bite Bar Reservation"}]},{"@type":"WebSite","@id":"https:\/\/saborebitebar.com\/#website","url":"https:\/\/saborebitebar.com\/","name":"Sabor\u00e9 Bite Bar","description":"","publisher":{"@id":"https:\/\/saborebitebar.com\/#organization"},"potentialAction":[{"@type":"SearchAction","target":{"@type":"EntryPoint","urlTemplate":"https:\/\/saborebitebar.com\/?s={search_term_string}"},"query-input":{"@type":"PropertyValueSpecification","valueRequired":true,"valueName":"search_term_string"}}],"inLanguage":"es"},{"@type":"Organization","@id":"https:\/\/saborebitebar.com\/#organization","name":"Sabor\u00e9 Bite Bar","url":"https:\/\/saborebitebar.com\/","logo":{"@type":"ImageObject","inLanguage":"es","@id":"https:\/\/saborebitebar.com\/#\/schema\/logo\/image\/","url":"https:\/\/saborebitebar.com\/wp-content\/uploads\/2025\/12\/BEIGE-LINEAL.png","contentUrl":"https:\/\/saborebitebar.com\/wp-content\/uploads\/2025\/12\/BEIGE-LINEAL.png","width":638,"height":384,"caption":"Sabor\u00e9 Bite Bar"},"image":{"@id":"https:\/\/saborebitebar.com\/#\/schema\/logo\/image\/"}}]}},"_links":{"self":[{"href":"https:\/\/saborebitebar.com\/es\/wp-json\/wp\/v2\/product\/808","targetHints":{"allow":["GET"]}}],"collection":[{"href":"https:\/\/saborebitebar.com\/es\/wp-json\/wp\/v2\/product"}],"about":[{"href":"https:\/\/saborebitebar.com\/es\/wp-json\/wp\/v2\/types\/product"}],"replies":[{"embeddable":true,"href":"https:\/\/saborebitebar.com\/es\/wp-json\/wp\/v2\/comments?post=808"}],"wp:featuredmedia":[{"embeddable":true,"href":"https:\/\/saborebitebar.com\/es\/wp-json\/wp\/v2\/media\/779"}],"wp:attachment":[{"href":"https:\/\/saborebitebar.com\/es\/wp-json\/wp\/v2\/media?parent=808"}],"wp:term":[{"taxonomy":"product_brand","embeddable":true,"href":"https:\/\/saborebitebar.com\/es\/wp-json\/wp\/v2\/product_brand?post=808"},{"taxonomy":"product_cat","embeddable":true,"href":"https:\/\/saborebitebar.com\/es\/wp-json\/wp\/v2\/product_cat?post=808"},{"taxonomy":"product_tag","embeddable":true,"href":"https:\/\/saborebitebar.com\/es\/wp-json\/wp\/v2\/product_tag?post=808"}],"curies":[{"name":"wp","href":"https:\/\/api.w.org\/{rel}","templated":true}]}}