{"id":558,"date":"2026-01-14T22:19:02","date_gmt":"2026-01-14T22:19:02","guid":{"rendered":"https:\/\/saborebitebar.com\/?post_type=product&#038;p=558"},"modified":"2026-03-20T03:26:13","modified_gmt":"2026-03-20T03:26:13","slug":"charcuterie-box-for-two","status":"publish","type":"product","link":"https:\/\/saborebitebar.com\/es\/producto\/charcuterie-box-for-two\/","title":{"rendered":"Caja de charcuter\u00eda para dos"},"content":{"rendered":"<p>Una selecta caja de charcuter\u00eda para dos, ideal para regalos y celebraciones \u00edntimas.<\/p>\n<p>Incluye:<br \/>\n- Quesos artesanales<br \/>\n- Charcuter\u00eda seleccionada<br \/>\n- Fruta fresca<br \/>\n- Galletas y bocado dulce<\/p>","protected":false},"excerpt":{"rendered":"<p>A curated charcuterie box for two, ideal for gifts and intimate celebrations. Includes: \u2022 Artisan cheeses \u2022 Premium charcuterie \u2022 Fresh fruit \u2022 Crackers and sweet bite<\/p>","protected":false},"featured_media":764,"comment_status":"open","ping_status":"closed","template":"","meta":{"_joinchat":[]},"product_brand":[],"product_cat":[23],"product_tag":[],"class_list":{"0":"post-558","1":"product","2":"type-product","3":"status-publish","4":"has-post-thumbnail","6":"product_cat-food-products","8":"first","9":"instock","10":"taxable","11":"shipping-taxable","12":"purchasable","13":"product-type-simple"},"yoast_head":"<!-- This site is optimized with the Yoast SEO plugin v27.0 - https:\/\/yoast.com\/product\/yoast-seo-wordpress\/ -->\n<title>Charcuterie Box for Two - Sabor\u00e9 Bite Bar<\/title>\n<meta name=\"description\" content=\"A curated charcuterie box for two, ideal for gifts and intimate celebrations.\" \/>\n<meta name=\"robots\" content=\"index, follow, max-snippet:-1, max-image-preview:large, max-video-preview:-1\" \/>\n<link rel=\"canonical\" href=\"https:\/\/saborebitebar.com\/es\/producto\/charcuterie-box-for-two\/\" \/>\n<meta property=\"og:locale\" content=\"es_MX\" \/>\n<meta property=\"og:type\" content=\"article\" \/>\n<meta property=\"og:title\" content=\"Charcuterie Box for Two - Sabor\u00e9 Bite Bar\" \/>\n<meta property=\"og:description\" content=\"A curated charcuterie box for two, ideal for gifts and intimate celebrations.\" \/>\n<meta property=\"og:url\" content=\"https:\/\/saborebitebar.com\/es\/producto\/charcuterie-box-for-two\/\" \/>\n<meta property=\"og:site_name\" content=\"Sabor\u00e9 Bite Bar\" \/>\n<meta property=\"article:modified_time\" content=\"2026-03-20T03:26:13+00:00\" \/>\n<meta property=\"og:image\" content=\"https:\/\/saborebitebar.com\/wp-content\/uploads\/2026\/01\/Charcuteria-x-two-44-1024x683.png\" \/>\n\t<meta property=\"og:image:width\" content=\"1024\" \/>\n\t<meta property=\"og:image:height\" content=\"683\" \/>\n\t<meta property=\"og:image:type\" content=\"image\/png\" \/>\n<meta name=\"twitter:card\" content=\"summary_large_image\" \/>\n<meta name=\"twitter:label1\" content=\"Tiempo de lectura\" \/>\n\t<meta name=\"twitter:data1\" content=\"1 minuto\" \/>\n<script type=\"application\/ld+json\" class=\"yoast-schema-graph\">{\"@context\":\"https:\/\/schema.org\",\"@graph\":[{\"@type\":\"WebPage\",\"@id\":\"https:\/\/saborebitebar.com\/product\/charcuterie-box-for-two\/\",\"url\":\"https:\/\/saborebitebar.com\/product\/charcuterie-box-for-two\/\",\"name\":\"Charcuterie Box for Two - Sabor\u00e9 Bite Bar\",\"isPartOf\":{\"@id\":\"https:\/\/saborebitebar.com\/#website\"},\"primaryImageOfPage\":{\"@id\":\"https:\/\/saborebitebar.com\/product\/charcuterie-box-for-two\/#primaryimage\"},\"image\":{\"@id\":\"https:\/\/saborebitebar.com\/product\/charcuterie-box-for-two\/#primaryimage\"},\"thumbnailUrl\":\"https:\/\/saborebitebar.com\/wp-content\/uploads\/2026\/01\/Charcuteria-x-two-44.png\",\"datePublished\":\"2026-01-14T22:19:02+00:00\",\"dateModified\":\"2026-03-20T03:26:13+00:00\",\"description\":\"A curated charcuterie box for two, ideal for gifts and intimate celebrations.\",\"breadcrumb\":{\"@id\":\"https:\/\/saborebitebar.com\/product\/charcuterie-box-for-two\/#breadcrumb\"},\"inLanguage\":\"es\",\"potentialAction\":[{\"@type\":\"ReadAction\",\"target\":[\"https:\/\/saborebitebar.com\/product\/charcuterie-box-for-two\/\"]}]},{\"@type\":\"ImageObject\",\"inLanguage\":\"es\",\"@id\":\"https:\/\/saborebitebar.com\/product\/charcuterie-box-for-two\/#primaryimage\",\"url\":\"https:\/\/saborebitebar.com\/wp-content\/uploads\/2026\/01\/Charcuteria-x-two-44.png\",\"contentUrl\":\"https:\/\/saborebitebar.com\/wp-content\/uploads\/2026\/01\/Charcuteria-x-two-44.png\",\"width\":1536,\"height\":1024},{\"@type\":\"BreadcrumbList\",\"@id\":\"https:\/\/saborebitebar.com\/product\/charcuterie-box-for-two\/#breadcrumb\",\"itemListElement\":[{\"@type\":\"ListItem\",\"position\":1,\"name\":\"Home\",\"item\":\"https:\/\/saborebitebar.com\/\"},{\"@type\":\"ListItem\",\"position\":2,\"name\":\"Shop\",\"item\":\"https:\/\/saborebitebar.com\/shop\/\"},{\"@type\":\"ListItem\",\"position\":3,\"name\":\"Charcuterie Box for Two\"}]},{\"@type\":\"WebSite\",\"@id\":\"https:\/\/saborebitebar.com\/#website\",\"url\":\"https:\/\/saborebitebar.com\/\",\"name\":\"Sabor\u00e9 Bite Bar\",\"description\":\"\",\"publisher\":{\"@id\":\"https:\/\/saborebitebar.com\/#organization\"},\"potentialAction\":[{\"@type\":\"SearchAction\",\"target\":{\"@type\":\"EntryPoint\",\"urlTemplate\":\"https:\/\/saborebitebar.com\/?s={search_term_string}\"},\"query-input\":{\"@type\":\"PropertyValueSpecification\",\"valueRequired\":true,\"valueName\":\"search_term_string\"}}],\"inLanguage\":\"es\"},{\"@type\":\"Organization\",\"@id\":\"https:\/\/saborebitebar.com\/#organization\",\"name\":\"Sabor\u00e9 Bite Bar\",\"url\":\"https:\/\/saborebitebar.com\/\",\"logo\":{\"@type\":\"ImageObject\",\"inLanguage\":\"es\",\"@id\":\"https:\/\/saborebitebar.com\/#\/schema\/logo\/image\/\",\"url\":\"https:\/\/saborebitebar.com\/wp-content\/uploads\/2025\/12\/BEIGE-LINEAL.png\",\"contentUrl\":\"https:\/\/saborebitebar.com\/wp-content\/uploads\/2025\/12\/BEIGE-LINEAL.png\",\"width\":638,\"height\":384,\"caption\":\"Sabor\u00e9 Bite Bar\"},\"image\":{\"@id\":\"https:\/\/saborebitebar.com\/#\/schema\/logo\/image\/\"}}]}<\/script>\n<!-- \/ Yoast SEO plugin. -->","yoast_head_json":{"title":"Charcuterie Box for Two - Sabor\u00e9 Bite Bar","description":"Una selecta caja de charcuter\u00eda para dos, ideal para regalos y celebraciones \u00edntimas.","robots":{"index":"index","follow":"follow","max-snippet":"max-snippet:-1","max-image-preview":"max-image-preview:large","max-video-preview":"max-video-preview:-1"},"canonical":"https:\/\/saborebitebar.com\/es\/producto\/charcuterie-box-for-two\/","og_locale":"es_MX","og_type":"article","og_title":"Charcuterie Box for Two - Sabor\u00e9 Bite Bar","og_description":"A curated charcuterie box for two, ideal for gifts and intimate celebrations.","og_url":"https:\/\/saborebitebar.com\/es\/producto\/charcuterie-box-for-two\/","og_site_name":"Sabor\u00e9 Bite Bar","article_modified_time":"2026-03-20T03:26:13+00:00","og_image":[{"width":1024,"height":683,"url":"https:\/\/saborebitebar.com\/wp-content\/uploads\/2026\/01\/Charcuteria-x-two-44-1024x683.png","type":"image\/png"}],"twitter_card":"summary_large_image","twitter_misc":{"Tiempo de lectura":"1 minuto"},"schema":{"@context":"https:\/\/schema.org","@graph":[{"@type":"WebPage","@id":"https:\/\/saborebitebar.com\/product\/charcuterie-box-for-two\/","url":"https:\/\/saborebitebar.com\/product\/charcuterie-box-for-two\/","name":"Charcuterie Box for Two - Sabor\u00e9 Bite Bar","isPartOf":{"@id":"https:\/\/saborebitebar.com\/#website"},"primaryImageOfPage":{"@id":"https:\/\/saborebitebar.com\/product\/charcuterie-box-for-two\/#primaryimage"},"image":{"@id":"https:\/\/saborebitebar.com\/product\/charcuterie-box-for-two\/#primaryimage"},"thumbnailUrl":"https:\/\/saborebitebar.com\/wp-content\/uploads\/2026\/01\/Charcuteria-x-two-44.png","datePublished":"2026-01-14T22:19:02+00:00","dateModified":"2026-03-20T03:26:13+00:00","description":"Una selecta caja de charcuter\u00eda para dos, ideal para regalos y celebraciones \u00edntimas.","breadcrumb":{"@id":"https:\/\/saborebitebar.com\/product\/charcuterie-box-for-two\/#breadcrumb"},"inLanguage":"es","potentialAction":[{"@type":"ReadAction","target":["https:\/\/saborebitebar.com\/product\/charcuterie-box-for-two\/"]}]},{"@type":"ImageObject","inLanguage":"es","@id":"https:\/\/saborebitebar.com\/product\/charcuterie-box-for-two\/#primaryimage","url":"https:\/\/saborebitebar.com\/wp-content\/uploads\/2026\/01\/Charcuteria-x-two-44.png","contentUrl":"https:\/\/saborebitebar.com\/wp-content\/uploads\/2026\/01\/Charcuteria-x-two-44.png","width":1536,"height":1024},{"@type":"BreadcrumbList","@id":"https:\/\/saborebitebar.com\/product\/charcuterie-box-for-two\/#breadcrumb","itemListElement":[{"@type":"ListItem","position":1,"name":"Home","item":"https:\/\/saborebitebar.com\/"},{"@type":"ListItem","position":2,"name":"Shop","item":"https:\/\/saborebitebar.com\/shop\/"},{"@type":"ListItem","position":3,"name":"Charcuterie Box for Two"}]},{"@type":"WebSite","@id":"https:\/\/saborebitebar.com\/#website","url":"https:\/\/saborebitebar.com\/","name":"Sabor\u00e9 Bite Bar","description":"","publisher":{"@id":"https:\/\/saborebitebar.com\/#organization"},"potentialAction":[{"@type":"SearchAction","target":{"@type":"EntryPoint","urlTemplate":"https:\/\/saborebitebar.com\/?s={search_term_string}"},"query-input":{"@type":"PropertyValueSpecification","valueRequired":true,"valueName":"search_term_string"}}],"inLanguage":"es"},{"@type":"Organization","@id":"https:\/\/saborebitebar.com\/#organization","name":"Sabor\u00e9 Bite Bar","url":"https:\/\/saborebitebar.com\/","logo":{"@type":"ImageObject","inLanguage":"es","@id":"https:\/\/saborebitebar.com\/#\/schema\/logo\/image\/","url":"https:\/\/saborebitebar.com\/wp-content\/uploads\/2025\/12\/BEIGE-LINEAL.png","contentUrl":"https:\/\/saborebitebar.com\/wp-content\/uploads\/2025\/12\/BEIGE-LINEAL.png","width":638,"height":384,"caption":"Sabor\u00e9 Bite Bar"},"image":{"@id":"https:\/\/saborebitebar.com\/#\/schema\/logo\/image\/"}}]}},"_links":{"self":[{"href":"https:\/\/saborebitebar.com\/es\/wp-json\/wp\/v2\/product\/558","targetHints":{"allow":["GET"]}}],"collection":[{"href":"https:\/\/saborebitebar.com\/es\/wp-json\/wp\/v2\/product"}],"about":[{"href":"https:\/\/saborebitebar.com\/es\/wp-json\/wp\/v2\/types\/product"}],"replies":[{"embeddable":true,"href":"https:\/\/saborebitebar.com\/es\/wp-json\/wp\/v2\/comments?post=558"}],"wp:featuredmedia":[{"embeddable":true,"href":"https:\/\/saborebitebar.com\/es\/wp-json\/wp\/v2\/media\/764"}],"wp:attachment":[{"href":"https:\/\/saborebitebar.com\/es\/wp-json\/wp\/v2\/media?parent=558"}],"wp:term":[{"taxonomy":"product_brand","embeddable":true,"href":"https:\/\/saborebitebar.com\/es\/wp-json\/wp\/v2\/product_brand?post=558"},{"taxonomy":"product_cat","embeddable":true,"href":"https:\/\/saborebitebar.com\/es\/wp-json\/wp\/v2\/product_cat?post=558"},{"taxonomy":"product_tag","embeddable":true,"href":"https:\/\/saborebitebar.com\/es\/wp-json\/wp\/v2\/product_tag?post=558"}],"curies":[{"name":"wp","href":"https:\/\/api.w.org\/{rel}","templated":true}]}}