{"id":98,"date":"2025-12-30T06:54:25","date_gmt":"2025-12-30T06:54:25","guid":{"rendered":"https:\/\/saborebitebar.com\/?page_id=98"},"modified":"2026-02-18T20:29:50","modified_gmt":"2026-02-18T20:29:50","slug":"services","status":"publish","type":"page","link":"https:\/\/saborebitebar.com\/es\/services\/","title":{"rendered":"Servicios"},"content":{"rendered":"<div data-elementor-type=\"wp-page\" data-elementor-id=\"98\" class=\"elementor elementor-98\" data-elementor-post-type=\"page\">\n\t\t\t\t<div class=\"elementor-element elementor-element-24cdbc43 e-flex e-con-boxed e-con e-parent\" data-id=\"24cdbc43\" data-element_type=\"container\" data-e-type=\"container\" data-settings=\"{&quot;background_background&quot;:&quot;classic&quot;}\">\n\t\t\t\t\t<div class=\"e-con-inner\">\n\t\t<div class=\"elementor-element elementor-element-3c00f508 e-con-full e-flex e-con e-child\" data-id=\"3c00f508\" data-element_type=\"container\" data-e-type=\"container\">\n\t\t\t\t<div class=\"elementor-element elementor-element-deb6dff elementor-widget elementor-widget-spacer\" data-id=\"deb6dff\" data-element_type=\"widget\" data-e-type=\"widget\" data-widget_type=\"spacer.default\">\n\t\t\t\t\t\t\t<div class=\"elementor-spacer\">\n\t\t\t<div class=\"elementor-spacer-inner\"><\/div>\n\t\t<\/div>\n\t\t\t\t\t\t<\/div>\n\t\t\t\t<div class=\"elementor-element elementor-element-5f90158 elementor-invisible elementor-widget elementor-widget-heading\" data-id=\"5f90158\" data-element_type=\"widget\" data-e-type=\"widget\" data-settings=\"{&quot;_animation&quot;:&quot;fadeInUp&quot;}\" data-widget_type=\"heading.default\">\n\t\t\t\t\t<h1 class=\"elementor-heading-title elementor-size-default\">Bite Bar y catering de charcuter\u00eda para eventos en San Jos\u00e9 y el \u00c1rea de la Bah\u00eda <\/h1>\t\t\t\t<\/div>\n\t\t\t\t<div class=\"elementor-element elementor-element-36eb7f70 elementor-widget-divider--view-line_icon elementor-view-default elementor-widget-divider--element-align-center elementor-invisible elementor-widget elementor-widget-divider\" data-id=\"36eb7f70\" data-element_type=\"widget\" data-e-type=\"widget\" data-settings=\"{&quot;_animation&quot;:&quot;fadeInUp&quot;}\" data-widget_type=\"divider.default\">\n\t\t\t\t\t\t\t<div class=\"elementor-divider\">\n\t\t\t<span class=\"elementor-divider-separator\">\n\t\t\t\t\t\t\t<div class=\"elementor-icon elementor-divider__element\">\n\t\t\t\t\t<i aria-hidden=\"true\" class=\"icon icon-dinner\"><\/i><\/div>\n\t\t\t\t\t\t<\/span>\n\t\t<\/div>\n\t\t\t\t\t\t<\/div>\n\t\t\t\t<div class=\"elementor-element elementor-element-6af7e432 elementor-invisible elementor-widget elementor-widget-text-editor\" data-id=\"6af7e432\" data-element_type=\"widget\" data-e-type=\"widget\" data-settings=\"{&quot;_animation&quot;:&quot;fadeInUp&quot;}\" data-widget_type=\"text-editor.default\">\n\t\t\t\t\t\t\t\t\t<p>Proporcionamos experiencias de bite bar de primera calidad, catering de charcuter\u00eda y estaciones de postres para bodas, eventos corporativos, baby showers y reuniones privadas en San Jos\u00e9 y el \u00c1rea de la Bah\u00eda.<\/p>\t\t\t\t\t\t\t\t<\/div>\n\t\t\t\t<\/div>\n\t\t\t\t\t<\/div>\n\t\t\t\t<\/div>\n\t\t<div class=\"elementor-element elementor-element-419f18a7 e-flex e-con-boxed e-con e-parent\" data-id=\"419f18a7\" data-element_type=\"container\" data-e-type=\"container\">\n\t\t\t\t\t<div class=\"e-con-inner\">\n\t\t<div class=\"elementor-element elementor-element-3267fefc e-grid e-con-full e-con e-child\" data-id=\"3267fefc\" data-element_type=\"container\" data-e-type=\"container\">\n\t\t\t\t<div class=\"elementor-element elementor-element-250fce95 elementor-position-top elementor-invisible elementor-widget elementor-widget-image-box\" data-id=\"250fce95\" data-element_type=\"widget\" data-e-type=\"widget\" data-settings=\"{&quot;_animation&quot;:&quot;fadeInUp&quot;}\" data-widget_type=\"image-box.default\">\n\t\t\t\t\t<div class=\"elementor-image-box-wrapper\"><figure class=\"elementor-image-box-img\"><img fetchpriority=\"high\" decoding=\"async\" width=\"500\" height=\"500\" src=\"https:\/\/saborebitebar.com\/wp-content\/uploads\/2025\/12\/restauranticonart-22.webp\" class=\"attachment-full size-full wp-image-56\" alt=\"\" srcset=\"https:\/\/saborebitebar.com\/wp-content\/uploads\/2025\/12\/restauranticonart-22.webp 500w, https:\/\/saborebitebar.com\/wp-content\/uploads\/2025\/12\/restauranticonart-22-300x300.webp 300w, https:\/\/saborebitebar.com\/wp-content\/uploads\/2025\/12\/restauranticonart-22-150x150.webp 150w\" sizes=\"(max-width: 500px) 100vw, 500px\" \/><\/figure><div class=\"elementor-image-box-content\"><h5 class=\"elementor-image-box-title\">Stand de charcuter\u00eda <\/h5><p class=\"elementor-image-box-description\">Nuestro stand m\u00e1s solicitado, con una cuidada selecci\u00f3n de quesos, carnes, frutas y \nacompa\u00f1amientos, presentados en un montaje limpio y elegante. <\/p><\/div><\/div>\t\t\t\t<\/div>\n\t\t\t\t<div class=\"elementor-element elementor-element-2c856ea5 elementor-position-top elementor-invisible elementor-widget elementor-widget-image-box\" data-id=\"2c856ea5\" data-element_type=\"widget\" data-e-type=\"widget\" data-settings=\"{&quot;_animation&quot;:&quot;fadeInUp&quot;,&quot;_animation_delay&quot;:250}\" data-widget_type=\"image-box.default\">\n\t\t\t\t\t<div class=\"elementor-image-box-wrapper\"><figure class=\"elementor-image-box-img\"><img decoding=\"async\" width=\"1000\" height=\"1000\" src=\"https:\/\/saborebitebar.com\/wp-content\/uploads\/2025\/12\/Diseno-sin-titulo-15.png\" class=\"attachment-full size-full wp-image-214\" alt=\"\" srcset=\"https:\/\/saborebitebar.com\/wp-content\/uploads\/2025\/12\/Diseno-sin-titulo-15.png 1000w, https:\/\/saborebitebar.com\/wp-content\/uploads\/2025\/12\/Diseno-sin-titulo-15-300x300.png 300w, https:\/\/saborebitebar.com\/wp-content\/uploads\/2025\/12\/Diseno-sin-titulo-15-150x150.png 150w, https:\/\/saborebitebar.com\/wp-content\/uploads\/2025\/12\/Diseno-sin-titulo-15-768x768.png 768w\" sizes=\"(max-width: 1000px) 100vw, 1000px\" \/><\/figure><div class=\"elementor-image-box-content\"><h5 class=\"elementor-image-box-title\">Stand de fruta fresca y toppings<\/h5><p class=\"elementor-image-box-description\">Frutas de temporada servidas con crema de la casa o yogurt, acompa\u00f1adas de una variedad de \ntoppings para una experiencia fresca, colorida e interactiva. <\/p><\/div><\/div>\t\t\t\t<\/div>\n\t\t\t\t<div class=\"elementor-element elementor-element-2f5f62ed elementor-position-top elementor-invisible elementor-widget elementor-widget-image-box\" data-id=\"2f5f62ed\" data-element_type=\"widget\" data-e-type=\"widget\" data-settings=\"{&quot;_animation&quot;:&quot;fadeInUp&quot;}\" data-widget_type=\"image-box.default\">\n\t\t\t\t\t<div class=\"elementor-image-box-wrapper\"><figure class=\"elementor-image-box-img\"><img decoding=\"async\" width=\"512\" height=\"512\" src=\"https:\/\/saborebitebar.com\/wp-content\/uploads\/2025\/12\/pancakes_751612.png\" class=\"attachment-full size-full wp-image-212\" alt=\"\" srcset=\"https:\/\/saborebitebar.com\/wp-content\/uploads\/2025\/12\/pancakes_751612.png 512w, https:\/\/saborebitebar.com\/wp-content\/uploads\/2025\/12\/pancakes_751612-300x300.png 300w, https:\/\/saborebitebar.com\/wp-content\/uploads\/2025\/12\/pancakes_751612-150x150.png 150w\" sizes=\"(max-width: 512px) 100vw, 512px\" \/><\/figure><div class=\"elementor-image-box-content\"><h5 class=\"elementor-image-box-title\">Stand de mini pancakes <\/h5><p class=\"elementor-image-box-description\">Esponjosos mini pancakes servidos con Nutella, chocolate, dulce de leche, sirope y toppings \ndulces que encantan a los invitados.<\/p><\/div><\/div>\t\t\t\t<\/div>\n\t\t\t\t<div class=\"elementor-element elementor-element-3d1ee4c6 elementor-position-top elementor-invisible elementor-widget elementor-widget-image-box\" data-id=\"3d1ee4c6\" data-element_type=\"widget\" data-e-type=\"widget\" data-settings=\"{&quot;_animation&quot;:&quot;fadeInUp&quot;}\" data-widget_type=\"image-box.default\">\n\t\t\t\t\t<div class=\"elementor-image-box-wrapper\"><figure class=\"elementor-image-box-img\"><img loading=\"lazy\" decoding=\"async\" width=\"512\" height=\"512\" src=\"https:\/\/saborebitebar.com\/wp-content\/uploads\/2025\/12\/ice-cream_3226275.png\" class=\"attachment-full size-full wp-image-211\" alt=\"\" srcset=\"https:\/\/saborebitebar.com\/wp-content\/uploads\/2025\/12\/ice-cream_3226275.png 512w, https:\/\/saborebitebar.com\/wp-content\/uploads\/2025\/12\/ice-cream_3226275-300x300.png 300w, https:\/\/saborebitebar.com\/wp-content\/uploads\/2025\/12\/ice-cream_3226275-150x150.png 150w\" sizes=\"(max-width: 512px) 100vw, 512px\" \/><\/figure><div class=\"elementor-image-box-content\"><h5 class=\"elementor-image-box-title\">Stand de fresas con chocolate <\/h5><p class=\"elementor-image-box-description\">Fresas frescas acompa\u00f1adas de una fuente de chocolate y toppings selectos para una experiencia \nindulgente y memorable. <\/p><\/div><\/div>\t\t\t\t<\/div>\n\t\t\t\t<div class=\"elementor-element elementor-element-4bf60a72 elementor-position-top elementor-invisible elementor-widget elementor-widget-image-box\" data-id=\"4bf60a72\" data-element_type=\"widget\" data-e-type=\"widget\" data-settings=\"{&quot;_animation&quot;:&quot;fadeInUp&quot;}\" data-widget_type=\"image-box.default\">\n\t\t\t\t\t<div class=\"elementor-image-box-wrapper\"><figure class=\"elementor-image-box-img\"><img loading=\"lazy\" decoding=\"async\" width=\"512\" height=\"512\" src=\"https:\/\/saborebitebar.com\/wp-content\/uploads\/2025\/12\/bruschetta_5420053.png\" class=\"attachment-full size-full wp-image-215\" alt=\"\" srcset=\"https:\/\/saborebitebar.com\/wp-content\/uploads\/2025\/12\/bruschetta_5420053.png 512w, https:\/\/saborebitebar.com\/wp-content\/uploads\/2025\/12\/bruschetta_5420053-300x300.png 300w, https:\/\/saborebitebar.com\/wp-content\/uploads\/2025\/12\/bruschetta_5420053-150x150.png 150w\" sizes=\"(max-width: 512px) 100vw, 512px\" \/><\/figure><div class=\"elementor-image-box-content\"><h5 class=\"elementor-image-box-title\">Tablas de charcuter\u00eda personalizadas <\/h5><p class=\"elementor-image-box-description\">Tablas dise\u00f1adas a medida como regalos o recuerdos de eventos, personalizadas para \ncomplementar y elevar cada celebraci\u00f3n. \n<\/p><\/div><\/div>\t\t\t\t<\/div>\n\t\t\t\t<div class=\"elementor-element elementor-element-6d1662ed elementor-position-top elementor-invisible elementor-widget elementor-widget-image-box\" data-id=\"6d1662ed\" data-element_type=\"widget\" data-e-type=\"widget\" data-settings=\"{&quot;_animation&quot;:&quot;fadeInUp&quot;}\" data-widget_type=\"image-box.default\">\n\t\t\t\t\t<div class=\"elementor-image-box-wrapper\"><figure class=\"elementor-image-box-img\"><img loading=\"lazy\" decoding=\"async\" width=\"500\" height=\"500\" src=\"https:\/\/saborebitebar.com\/wp-content\/uploads\/2025\/12\/restauranticonart-18.webp\" class=\"attachment-full size-full wp-image-23\" alt=\"\" srcset=\"https:\/\/saborebitebar.com\/wp-content\/uploads\/2025\/12\/restauranticonart-18.webp 500w, https:\/\/saborebitebar.com\/wp-content\/uploads\/2025\/12\/restauranticonart-18-300x300.webp 300w, https:\/\/saborebitebar.com\/wp-content\/uploads\/2025\/12\/restauranticonart-18-150x150.webp 150w\" sizes=\"(max-width: 500px) 100vw, 500px\" \/><\/figure><div class=\"elementor-image-box-content\"><h5 class=\"elementor-image-box-title\">Servicio con personal profesional <\/h5><p class=\"elementor-image-box-description\">Personal profesional dedicado a atender a los invitados, mantener el stand y garantizar un \nservicio fluido, pulido y cuidadosamente coordinado.<\/p><\/div><\/div>\t\t\t\t<\/div>\n\t\t\t\t<\/div>\n\t\t\t\t\t<\/div>\n\t\t\t\t<\/div>\n\t\t\t\t<\/div>","protected":false},"excerpt":{"rendered":"<p>Bite Bar &amp; Charcuterie Catering for Events in San Jose and the Bay Area We provide premium bite bar experiences, charcuterie catering, and dessert stations for weddings, corporate events, baby showers, and private gatherings across San Jose and surrounding Bay Area cities. Charcuterie Stand Our most requested stand, featuring a curated selection of cheeses, meats, [&hellip;]<\/p>\n","protected":false},"author":3,"featured_media":0,"parent":0,"menu_order":0,"comment_status":"closed","ping_status":"closed","template":"","meta":{"_joinchat":[],"footnotes":""},"class_list":["post-98","page","type-page","status-publish","hentry"],"yoast_head":"<!-- This site is optimized with the Yoast SEO plugin v27.0 - https:\/\/yoast.com\/product\/yoast-seo-wordpress\/ -->\n<title>Services - Sabor\u00e9 Bite Bar<\/title>\n<meta name=\"robots\" content=\"index, follow, max-snippet:-1, max-image-preview:large, max-video-preview:-1\" \/>\n<link rel=\"canonical\" href=\"https:\/\/saborebitebar.com\/es\/services\/\" \/>\n<meta property=\"og:locale\" content=\"es_MX\" \/>\n<meta property=\"og:type\" content=\"article\" \/>\n<meta property=\"og:title\" content=\"Services - Sabor\u00e9 Bite Bar\" \/>\n<meta property=\"og:description\" content=\"Bite Bar &amp; Charcuterie Catering for Events in San Jose and the Bay Area We provide premium bite bar experiences, charcuterie catering, and dessert stations for weddings, corporate events, baby showers, and private gatherings across San Jose and surrounding Bay Area cities. Charcuterie Stand Our most requested stand, featuring a curated selection of cheeses, meats, [&hellip;]\" \/>\n<meta property=\"og:url\" content=\"https:\/\/saborebitebar.com\/es\/services\/\" \/>\n<meta property=\"og:site_name\" content=\"Sabor\u00e9 Bite Bar\" \/>\n<meta property=\"article:modified_time\" content=\"2026-02-18T20:29:50+00:00\" \/>\n<meta property=\"og:image\" content=\"https:\/\/saborebitebar.com\/wp-content\/uploads\/2025\/12\/restauranticonart-22.webp\" \/>\n\t<meta property=\"og:image:width\" content=\"500\" \/>\n\t<meta property=\"og:image:height\" content=\"500\" \/>\n\t<meta property=\"og:image:type\" content=\"image\/webp\" \/>\n<meta name=\"twitter:card\" content=\"summary_large_image\" \/>\n<meta name=\"twitter:label1\" content=\"Tiempo de lectura\" \/>\n\t<meta name=\"twitter:data1\" content=\"2 minutos\" \/>\n<script type=\"application\/ld+json\" class=\"yoast-schema-graph\">{\"@context\":\"https:\/\/schema.org\",\"@graph\":[{\"@type\":\"WebPage\",\"@id\":\"https:\/\/saborebitebar.com\/services\/\",\"url\":\"https:\/\/saborebitebar.com\/services\/\",\"name\":\"Services - Sabor\u00e9 Bite Bar\",\"isPartOf\":{\"@id\":\"https:\/\/saborebitebar.com\/#website\"},\"primaryImageOfPage\":{\"@id\":\"https:\/\/saborebitebar.com\/services\/#primaryimage\"},\"image\":{\"@id\":\"https:\/\/saborebitebar.com\/services\/#primaryimage\"},\"thumbnailUrl\":\"https:\/\/saborebitebar.com\/wp-content\/uploads\/2025\/12\/restauranticonart-22.webp\",\"datePublished\":\"2025-12-30T06:54:25+00:00\",\"dateModified\":\"2026-02-18T20:29:50+00:00\",\"breadcrumb\":{\"@id\":\"https:\/\/saborebitebar.com\/services\/#breadcrumb\"},\"inLanguage\":\"es\",\"potentialAction\":[{\"@type\":\"ReadAction\",\"target\":[\"https:\/\/saborebitebar.com\/services\/\"]}]},{\"@type\":\"ImageObject\",\"inLanguage\":\"es\",\"@id\":\"https:\/\/saborebitebar.com\/services\/#primaryimage\",\"url\":\"https:\/\/saborebitebar.com\/wp-content\/uploads\/2025\/12\/restauranticonart-22.webp\",\"contentUrl\":\"https:\/\/saborebitebar.com\/wp-content\/uploads\/2025\/12\/restauranticonart-22.webp\"},{\"@type\":\"BreadcrumbList\",\"@id\":\"https:\/\/saborebitebar.com\/services\/#breadcrumb\",\"itemListElement\":[{\"@type\":\"ListItem\",\"position\":1,\"name\":\"Home\",\"item\":\"https:\/\/saborebitebar.com\/\"},{\"@type\":\"ListItem\",\"position\":2,\"name\":\"Services\"}]},{\"@type\":\"WebSite\",\"@id\":\"https:\/\/saborebitebar.com\/#website\",\"url\":\"https:\/\/saborebitebar.com\/\",\"name\":\"Sabor\u00e9 Bite Bar\",\"description\":\"\",\"publisher\":{\"@id\":\"https:\/\/saborebitebar.com\/#organization\"},\"potentialAction\":[{\"@type\":\"SearchAction\",\"target\":{\"@type\":\"EntryPoint\",\"urlTemplate\":\"https:\/\/saborebitebar.com\/?s={search_term_string}\"},\"query-input\":{\"@type\":\"PropertyValueSpecification\",\"valueRequired\":true,\"valueName\":\"search_term_string\"}}],\"inLanguage\":\"es\"},{\"@type\":\"Organization\",\"@id\":\"https:\/\/saborebitebar.com\/#organization\",\"name\":\"Sabor\u00e9 Bite Bar\",\"url\":\"https:\/\/saborebitebar.com\/\",\"logo\":{\"@type\":\"ImageObject\",\"inLanguage\":\"es\",\"@id\":\"https:\/\/saborebitebar.com\/#\/schema\/logo\/image\/\",\"url\":\"https:\/\/saborebitebar.com\/wp-content\/uploads\/2025\/12\/BEIGE-LINEAL.png\",\"contentUrl\":\"https:\/\/saborebitebar.com\/wp-content\/uploads\/2025\/12\/BEIGE-LINEAL.png\",\"width\":638,\"height\":384,\"caption\":\"Sabor\u00e9 Bite Bar\"},\"image\":{\"@id\":\"https:\/\/saborebitebar.com\/#\/schema\/logo\/image\/\"}}]}<\/script>\n<!-- \/ Yoast SEO plugin. -->","yoast_head_json":{"title":"Services - Sabor\u00e9 Bite Bar","robots":{"index":"index","follow":"follow","max-snippet":"max-snippet:-1","max-image-preview":"max-image-preview:large","max-video-preview":"max-video-preview:-1"},"canonical":"https:\/\/saborebitebar.com\/es\/services\/","og_locale":"es_MX","og_type":"article","og_title":"Services - Sabor\u00e9 Bite Bar","og_description":"Bite Bar &amp; Charcuterie Catering for Events in San Jose and the Bay Area We provide premium bite bar experiences, charcuterie catering, and dessert stations for weddings, corporate events, baby showers, and private gatherings across San Jose and surrounding Bay Area cities. Charcuterie Stand Our most requested stand, featuring a curated selection of cheeses, meats, [&hellip;]","og_url":"https:\/\/saborebitebar.com\/es\/services\/","og_site_name":"Sabor\u00e9 Bite Bar","article_modified_time":"2026-02-18T20:29:50+00:00","og_image":[{"width":500,"height":500,"url":"https:\/\/saborebitebar.com\/wp-content\/uploads\/2025\/12\/restauranticonart-22.webp","type":"image\/webp"}],"twitter_card":"summary_large_image","twitter_misc":{"Tiempo de lectura":"2 minutos"},"schema":{"@context":"https:\/\/schema.org","@graph":[{"@type":"WebPage","@id":"https:\/\/saborebitebar.com\/services\/","url":"https:\/\/saborebitebar.com\/services\/","name":"Services - Sabor\u00e9 Bite Bar","isPartOf":{"@id":"https:\/\/saborebitebar.com\/#website"},"primaryImageOfPage":{"@id":"https:\/\/saborebitebar.com\/services\/#primaryimage"},"image":{"@id":"https:\/\/saborebitebar.com\/services\/#primaryimage"},"thumbnailUrl":"https:\/\/saborebitebar.com\/wp-content\/uploads\/2025\/12\/restauranticonart-22.webp","datePublished":"2025-12-30T06:54:25+00:00","dateModified":"2026-02-18T20:29:50+00:00","breadcrumb":{"@id":"https:\/\/saborebitebar.com\/services\/#breadcrumb"},"inLanguage":"es","potentialAction":[{"@type":"ReadAction","target":["https:\/\/saborebitebar.com\/services\/"]}]},{"@type":"ImageObject","inLanguage":"es","@id":"https:\/\/saborebitebar.com\/services\/#primaryimage","url":"https:\/\/saborebitebar.com\/wp-content\/uploads\/2025\/12\/restauranticonart-22.webp","contentUrl":"https:\/\/saborebitebar.com\/wp-content\/uploads\/2025\/12\/restauranticonart-22.webp"},{"@type":"BreadcrumbList","@id":"https:\/\/saborebitebar.com\/services\/#breadcrumb","itemListElement":[{"@type":"ListItem","position":1,"name":"Home","item":"https:\/\/saborebitebar.com\/"},{"@type":"ListItem","position":2,"name":"Services"}]},{"@type":"WebSite","@id":"https:\/\/saborebitebar.com\/#website","url":"https:\/\/saborebitebar.com\/","name":"Sabor\u00e9 Bite Bar","description":"","publisher":{"@id":"https:\/\/saborebitebar.com\/#organization"},"potentialAction":[{"@type":"SearchAction","target":{"@type":"EntryPoint","urlTemplate":"https:\/\/saborebitebar.com\/?s={search_term_string}"},"query-input":{"@type":"PropertyValueSpecification","valueRequired":true,"valueName":"search_term_string"}}],"inLanguage":"es"},{"@type":"Organization","@id":"https:\/\/saborebitebar.com\/#organization","name":"Sabor\u00e9 Bite Bar","url":"https:\/\/saborebitebar.com\/","logo":{"@type":"ImageObject","inLanguage":"es","@id":"https:\/\/saborebitebar.com\/#\/schema\/logo\/image\/","url":"https:\/\/saborebitebar.com\/wp-content\/uploads\/2025\/12\/BEIGE-LINEAL.png","contentUrl":"https:\/\/saborebitebar.com\/wp-content\/uploads\/2025\/12\/BEIGE-LINEAL.png","width":638,"height":384,"caption":"Sabor\u00e9 Bite Bar"},"image":{"@id":"https:\/\/saborebitebar.com\/#\/schema\/logo\/image\/"}}]}},"_links":{"self":[{"href":"https:\/\/saborebitebar.com\/es\/wp-json\/wp\/v2\/pages\/98","targetHints":{"allow":["GET"]}}],"collection":[{"href":"https:\/\/saborebitebar.com\/es\/wp-json\/wp\/v2\/pages"}],"about":[{"href":"https:\/\/saborebitebar.com\/es\/wp-json\/wp\/v2\/types\/page"}],"author":[{"embeddable":true,"href":"https:\/\/saborebitebar.com\/es\/wp-json\/wp\/v2\/users\/3"}],"replies":[{"embeddable":true,"href":"https:\/\/saborebitebar.com\/es\/wp-json\/wp\/v2\/comments?post=98"}],"version-history":[{"count":40,"href":"https:\/\/saborebitebar.com\/es\/wp-json\/wp\/v2\/pages\/98\/revisions"}],"predecessor-version":[{"id":685,"href":"https:\/\/saborebitebar.com\/es\/wp-json\/wp\/v2\/pages\/98\/revisions\/685"}],"wp:attachment":[{"href":"https:\/\/saborebitebar.com\/es\/wp-json\/wp\/v2\/media?parent=98"}],"curies":[{"name":"wp","href":"https:\/\/api.w.org\/{rel}","templated":true}]}}