{"id":100,"date":"2025-12-30T06:54:39","date_gmt":"2025-12-30T06:54:39","guid":{"rendered":"https:\/\/saborebitebar.com\/?page_id=100"},"modified":"2026-03-21T01:25:49","modified_gmt":"2026-03-21T01:25:49","slug":"reservations","status":"publish","type":"page","link":"https:\/\/saborebitebar.com\/es\/reservations\/","title":{"rendered":"Reservas"},"content":{"rendered":"<div data-elementor-type=\"wp-page\" data-elementor-id=\"100\" class=\"elementor elementor-100\" data-elementor-post-type=\"page\">\n\t\t\t\t<div class=\"elementor-element elementor-element-41eff8d4 e-flex e-con-boxed e-con e-parent\" data-id=\"41eff8d4\" data-element_type=\"container\" data-e-type=\"container\" data-settings=\"{&quot;background_background&quot;:&quot;classic&quot;}\">\n\t\t\t\t\t<div class=\"e-con-inner\">\n\t\t<div class=\"elementor-element elementor-element-6e6e8218 e-con-full e-flex e-con e-child\" data-id=\"6e6e8218\" data-element_type=\"container\" data-e-type=\"container\">\n\t\t\t\t<div class=\"elementor-element elementor-element-97530a7 elementor-widget elementor-widget-spacer\" data-id=\"97530a7\" data-element_type=\"widget\" data-e-type=\"widget\" data-widget_type=\"spacer.default\">\n\t\t\t\t\t\t\t<div class=\"elementor-spacer\">\n\t\t\t<div class=\"elementor-spacer-inner\"><\/div>\n\t\t<\/div>\n\t\t\t\t\t\t<\/div>\n\t\t\t\t<div class=\"elementor-element elementor-element-34e3c4e0 elementor-invisible elementor-widget elementor-widget-heading\" data-id=\"34e3c4e0\" data-element_type=\"widget\" data-e-type=\"widget\" data-settings=\"{&quot;_animation&quot;:&quot;fadeInUp&quot;}\" data-widget_type=\"heading.default\">\n\t\t\t\t\t<h1 class=\"elementor-heading-title elementor-size-default\">Reserva tu evento <\/h1>\t\t\t\t<\/div>\n\t\t\t\t<div class=\"elementor-element elementor-element-38889c1 elementor-widget-divider--view-line_icon elementor-view-default elementor-widget-divider--element-align-center elementor-invisible elementor-widget elementor-widget-divider\" data-id=\"38889c1\" data-element_type=\"widget\" data-e-type=\"widget\" data-settings=\"{&quot;_animation&quot;:&quot;fadeInUp&quot;}\" data-widget_type=\"divider.default\">\n\t\t\t\t\t\t\t<div class=\"elementor-divider\">\n\t\t\t<span class=\"elementor-divider-separator\">\n\t\t\t\t\t\t\t<div class=\"elementor-icon elementor-divider__element\">\n\t\t\t\t\t<i aria-hidden=\"true\" class=\"icon icon-dinner\"><\/i><\/div>\n\t\t\t\t\t\t<\/span>\n\t\t<\/div>\n\t\t\t\t\t\t<\/div>\n\t\t\t\t<div class=\"elementor-element elementor-element-2097a72b elementor-invisible elementor-widget elementor-widget-text-editor\" data-id=\"2097a72b\" data-element_type=\"widget\" data-e-type=\"widget\" data-settings=\"{&quot;_animation&quot;:&quot;fadeInUp&quot;}\" data-widget_type=\"text-editor.default\">\n\t\t\t\t\t\t\t\t\t<p>Elija su experiencia Bite Bar favorita y reserve su fecha en unos pocos pasos. Nos ocuparemos de todos los detalles para que tu evento sea realmente inolvidable.<\/p>\t\t\t\t\t\t\t\t<\/div>\n\t\t\t\t<\/div>\n\t\t\t\t\t<\/div>\n\t\t\t\t<\/div>\n\t\t<div class=\"elementor-element elementor-element-38e15c86 e-flex e-con-boxed e-con e-parent\" data-id=\"38e15c86\" data-element_type=\"container\" data-e-type=\"container\">\n\t\t\t\t\t<div class=\"e-con-inner\">\n\t\t<div class=\"elementor-element elementor-element-19839d8a e-con-full e-flex e-con e-child\" data-id=\"19839d8a\" data-element_type=\"container\" data-e-type=\"container\">\n\t\t\t\t<div class=\"elementor-element elementor-element-4caae971 elementor-invisible elementor-widget elementor-widget-heading\" data-id=\"4caae971\" data-element_type=\"widget\" data-e-type=\"widget\" data-settings=\"{&quot;_animation&quot;:&quot;fadeInUp&quot;}\" data-widget_type=\"heading.default\">\n\t\t\t\t\t<h3 class=\"elementor-heading-title elementor-size-default\">Nuestras experiencias Signature Bite Bar<\/h3>\t\t\t\t<\/div>\n\t\t\t\t<div class=\"elementor-element elementor-element-8b3edba elementor-invisible elementor-widget elementor-widget-text-editor\" data-id=\"8b3edba\" data-element_type=\"widget\" data-e-type=\"widget\" data-settings=\"{&quot;_animation&quot;:&quot;fadeInUp&quot;}\" data-widget_type=\"text-editor.default\">\n\t\t\t\t\t\t\t\t\t<p>Explore nuestras opciones y reserve la experiencia que mejor se adapte a su evento.<\/p>\t\t\t\t\t\t\t\t<\/div>\n\t\t\t\t<\/div>\n\t\t\t\t\t<\/div>\n\t\t\t\t<\/div>\n\t\t<div class=\"elementor-element elementor-element-04d9a0c e-grid e-con-boxed e-con e-parent\" data-id=\"04d9a0c\" data-element_type=\"container\" data-e-type=\"container\">\n\t\t\t\t\t<div class=\"e-con-inner\">\n\t\t<div class=\"elementor-element elementor-element-46065bf e-con-full e-flex e-con e-child\" data-id=\"46065bf\" data-element_type=\"container\" data-e-type=\"container\">\n\t\t\t\t<div class=\"elementor-element elementor-element-9239b3d elementor-widget elementor-widget-image\" data-id=\"9239b3d\" data-element_type=\"widget\" data-e-type=\"widget\" data-widget_type=\"image.default\">\n\t\t\t\t\t\t\t\t\t\t\t\t\t\t\t<img fetchpriority=\"high\" decoding=\"async\" width=\"800\" height=\"534\" src=\"https:\/\/saborebitebar.com\/wp-content\/uploads\/2026\/03\/Stand-tablitas-1024x683.png\" class=\"attachment-large size-large wp-image-769\" alt=\"\" srcset=\"https:\/\/saborebitebar.com\/wp-content\/uploads\/2026\/03\/Stand-tablitas-1024x683.png 1024w, https:\/\/saborebitebar.com\/wp-content\/uploads\/2026\/03\/Stand-tablitas-300x200.png 300w, https:\/\/saborebitebar.com\/wp-content\/uploads\/2026\/03\/Stand-tablitas-768x512.png 768w, https:\/\/saborebitebar.com\/wp-content\/uploads\/2026\/03\/Stand-tablitas-18x12.png 18w, https:\/\/saborebitebar.com\/wp-content\/uploads\/2026\/03\/Stand-tablitas-600x400.png 600w, https:\/\/saborebitebar.com\/wp-content\/uploads\/2026\/03\/Stand-tablitas.png 1536w\" sizes=\"(max-width: 800px) 100vw, 800px\" \/>\t\t\t\t\t\t\t\t\t\t\t\t\t\t\t<\/div>\n\t\t\t\t<div class=\"elementor-element elementor-element-ca7e4cf elementor-widget elementor-widget-heading\" data-id=\"ca7e4cf\" data-element_type=\"widget\" data-e-type=\"widget\" data-widget_type=\"heading.default\">\n\t\t\t\t\t<h2 class=\"elementor-heading-title elementor-size-default\">Barra de embutidos<\/h2>\t\t\t\t<\/div>\n\t\t\t\t<div class=\"elementor-element elementor-element-2230dae elementor-widget elementor-widget-text-editor\" data-id=\"2230dae\" data-element_type=\"widget\" data-e-type=\"widget\" data-widget_type=\"text-editor.default\">\n\t\t\t\t\t\t\t\t\t<p>Elegantes porciones individuales de embutidos con quesos artesanos, embutidos, frutas frescas y acompa\u00f1amientos gourmet. Perfecto para una experiencia sofisticada y memorable.<\/p>\t\t\t\t\t\t\t\t<\/div>\n\t\t\t\t<div class=\"elementor-element elementor-element-b9bbf91 elementor-widget elementor-widget-button\" data-id=\"b9bbf91\" data-element_type=\"widget\" data-e-type=\"widget\" data-widget_type=\"button.default\">\n\t\t\t\t\t\t\t\t\t\t<a class=\"elementor-button elementor-button-link elementor-size-sm\" href=\"https:\/\/saborebitebar.com\/es\/producto\/charcuterie-bite-bar-reservation\/\" target=\"_blank\">\n\t\t\t\t\t\t<span class=\"elementor-button-content-wrapper\">\n\t\t\t\t\t\t\t\t\t<span class=\"elementor-button-text\">Reservar ahora<\/span>\n\t\t\t\t\t<\/span>\n\t\t\t\t\t<\/a>\n\t\t\t\t\t\t\t\t<\/div>\n\t\t\t\t<\/div>\n\t\t<div class=\"elementor-element elementor-element-26f8464 e-con-full e-flex e-con e-child\" data-id=\"26f8464\" data-element_type=\"container\" data-e-type=\"container\">\n\t\t\t\t<div class=\"elementor-element elementor-element-efe03b0 elementor-widget elementor-widget-image\" data-id=\"efe03b0\" data-element_type=\"widget\" data-e-type=\"widget\" data-widget_type=\"image.default\">\n\t\t\t\t\t\t\t\t\t\t\t\t\t\t\t<img decoding=\"async\" width=\"800\" height=\"534\" src=\"https:\/\/saborebitebar.com\/wp-content\/uploads\/2026\/03\/ChatGPT-Image-20-mar-2026-11_46_12-1024x683.png\" class=\"attachment-large size-large wp-image-775\" alt=\"\" srcset=\"https:\/\/saborebitebar.com\/wp-content\/uploads\/2026\/03\/ChatGPT-Image-20-mar-2026-11_46_12-1024x683.png 1024w, https:\/\/saborebitebar.com\/wp-content\/uploads\/2026\/03\/ChatGPT-Image-20-mar-2026-11_46_12-300x200.png 300w, https:\/\/saborebitebar.com\/wp-content\/uploads\/2026\/03\/ChatGPT-Image-20-mar-2026-11_46_12-768x512.png 768w, https:\/\/saborebitebar.com\/wp-content\/uploads\/2026\/03\/ChatGPT-Image-20-mar-2026-11_46_12-18x12.png 18w, https:\/\/saborebitebar.com\/wp-content\/uploads\/2026\/03\/ChatGPT-Image-20-mar-2026-11_46_12-600x400.png 600w, https:\/\/saborebitebar.com\/wp-content\/uploads\/2026\/03\/ChatGPT-Image-20-mar-2026-11_46_12.png 1536w\" sizes=\"(max-width: 800px) 100vw, 800px\" \/>\t\t\t\t\t\t\t\t\t\t\t\t\t\t\t<\/div>\n\t\t\t\t<div class=\"elementor-element elementor-element-3706d0e elementor-widget elementor-widget-heading\" data-id=\"3706d0e\" data-element_type=\"widget\" data-e-type=\"widget\" data-widget_type=\"heading.default\">\n\t\t\t\t\t<h2 class=\"elementor-heading-title elementor-size-default\">Mini barrita de tortitas<\/h2>\t\t\t\t<\/div>\n\t\t\t\t<div class=\"elementor-element elementor-element-de1fc6e elementor-widget elementor-widget-text-editor\" data-id=\"de1fc6e\" data-element_type=\"widget\" data-e-type=\"widget\" data-widget_type=\"text-editor.default\">\n\t\t\t\t\t\t\t\t\t<p>Mini tortitas reci\u00e9n hechas servidas calientes y personalizadas con una variedad de ingredientes y toppings dulces. Una experiencia divertida e interactiva que encantar\u00e1 a sus invitados.<\/p>\t\t\t\t\t\t\t\t<\/div>\n\t\t\t\t<div class=\"elementor-element elementor-element-36f6bed elementor-widget elementor-widget-button\" data-id=\"36f6bed\" data-element_type=\"widget\" data-e-type=\"widget\" data-widget_type=\"button.default\">\n\t\t\t\t\t\t\t\t\t\t<a class=\"elementor-button elementor-button-link elementor-size-sm\" href=\"https:\/\/saborebitebar.com\/es\/producto\/mini-pancake-bite-bar-reservation\/\" target=\"_blank\">\n\t\t\t\t\t\t<span class=\"elementor-button-content-wrapper\">\n\t\t\t\t\t\t\t\t\t<span class=\"elementor-button-text\">Reservar ahora<\/span>\n\t\t\t\t\t<\/span>\n\t\t\t\t\t<\/a>\n\t\t\t\t\t\t\t\t<\/div>\n\t\t\t\t<\/div>\n\t\t<div class=\"elementor-element elementor-element-c066499 e-con-full e-flex e-con e-child\" data-id=\"c066499\" data-element_type=\"container\" data-e-type=\"container\">\n\t\t\t\t<div class=\"elementor-element elementor-element-6b88a5f elementor-widget elementor-widget-image\" data-id=\"6b88a5f\" data-element_type=\"widget\" data-e-type=\"widget\" data-widget_type=\"image.default\">\n\t\t\t\t\t\t\t\t\t\t\t\t\t\t\t<img decoding=\"async\" width=\"800\" height=\"534\" src=\"https:\/\/saborebitebar.com\/wp-content\/uploads\/2026\/03\/ChatGPT-Image-20-mar-2026-12_23_24-1024x683.png\" class=\"attachment-large size-large wp-image-787\" alt=\"\" srcset=\"https:\/\/saborebitebar.com\/wp-content\/uploads\/2026\/03\/ChatGPT-Image-20-mar-2026-12_23_24-1024x683.png 1024w, https:\/\/saborebitebar.com\/wp-content\/uploads\/2026\/03\/ChatGPT-Image-20-mar-2026-12_23_24-300x200.png 300w, https:\/\/saborebitebar.com\/wp-content\/uploads\/2026\/03\/ChatGPT-Image-20-mar-2026-12_23_24-768x512.png 768w, https:\/\/saborebitebar.com\/wp-content\/uploads\/2026\/03\/ChatGPT-Image-20-mar-2026-12_23_24-18x12.png 18w, https:\/\/saborebitebar.com\/wp-content\/uploads\/2026\/03\/ChatGPT-Image-20-mar-2026-12_23_24-600x400.png 600w, https:\/\/saborebitebar.com\/wp-content\/uploads\/2026\/03\/ChatGPT-Image-20-mar-2026-12_23_24.png 1536w\" sizes=\"(max-width: 800px) 100vw, 800px\" \/>\t\t\t\t\t\t\t\t\t\t\t\t\t\t\t<\/div>\n\t\t\t\t<div class=\"elementor-element elementor-element-621f0d6 elementor-widget elementor-widget-heading\" data-id=\"621f0d6\" data-element_type=\"widget\" data-e-type=\"widget\" data-widget_type=\"heading.default\">\n\t\t\t\t\t<h2 class=\"elementor-heading-title elementor-size-default\">Fuente de chocolate Bite Bar<\/h2>\t\t\t\t<\/div>\n\t\t\t\t<div class=\"elementor-element elementor-element-9370693 elementor-widget elementor-widget-text-editor\" data-id=\"9370693\" data-element_type=\"widget\" data-e-type=\"widget\" data-widget_type=\"text-editor.default\">\n\t\t\t\t\t\t\t\t\t<p>Fresas frescas ba\u00f1adas en una fuente de chocolate, con la opci\u00f3n de a\u00f1adir deliciosos ingredientes para una experiencia dulce e interactiva.<\/p>\t\t\t\t\t\t\t\t<\/div>\n\t\t\t\t<div class=\"elementor-element elementor-element-78bde19 elementor-widget elementor-widget-button\" data-id=\"78bde19\" data-element_type=\"widget\" data-e-type=\"widget\" data-widget_type=\"button.default\">\n\t\t\t\t\t\t\t\t\t\t<a class=\"elementor-button elementor-button-link elementor-size-sm\" href=\"https:\/\/saborebitebar.com\/es\/producto\/chocolate-strawberry-bite-bar-reservation\/\" target=\"_blank\">\n\t\t\t\t\t\t<span class=\"elementor-button-content-wrapper\">\n\t\t\t\t\t\t\t\t\t<span class=\"elementor-button-text\">Reservar ahora<\/span>\n\t\t\t\t\t<\/span>\n\t\t\t\t\t<\/a>\n\t\t\t\t\t\t\t\t<\/div>\n\t\t\t\t<\/div>\n\t\t<div class=\"elementor-element elementor-element-e39eeff e-con-full e-flex e-con e-child\" data-id=\"e39eeff\" data-element_type=\"container\" data-e-type=\"container\">\n\t\t\t\t<div class=\"elementor-element elementor-element-d995428 elementor-widget elementor-widget-image\" data-id=\"d995428\" data-element_type=\"widget\" data-e-type=\"widget\" data-widget_type=\"image.default\">\n\t\t\t\t\t\t\t\t\t\t\t\t\t\t\t<img loading=\"lazy\" decoding=\"async\" width=\"800\" height=\"534\" src=\"https:\/\/saborebitebar.com\/wp-content\/uploads\/2026\/03\/ChatGPT-Image-20-mar-2026-12_02_55-1024x683.png\" class=\"attachment-large size-large wp-image-779\" alt=\"\" srcset=\"https:\/\/saborebitebar.com\/wp-content\/uploads\/2026\/03\/ChatGPT-Image-20-mar-2026-12_02_55-1024x683.png 1024w, https:\/\/saborebitebar.com\/wp-content\/uploads\/2026\/03\/ChatGPT-Image-20-mar-2026-12_02_55-300x200.png 300w, https:\/\/saborebitebar.com\/wp-content\/uploads\/2026\/03\/ChatGPT-Image-20-mar-2026-12_02_55-768x512.png 768w, https:\/\/saborebitebar.com\/wp-content\/uploads\/2026\/03\/ChatGPT-Image-20-mar-2026-12_02_55-18x12.png 18w, https:\/\/saborebitebar.com\/wp-content\/uploads\/2026\/03\/ChatGPT-Image-20-mar-2026-12_02_55-600x400.png 600w, https:\/\/saborebitebar.com\/wp-content\/uploads\/2026\/03\/ChatGPT-Image-20-mar-2026-12_02_55.png 1536w\" sizes=\"(max-width: 800px) 100vw, 800px\" \/>\t\t\t\t\t\t\t\t\t\t\t\t\t\t\t<\/div>\n\t\t\t\t<div class=\"elementor-element elementor-element-1457fc4 elementor-widget elementor-widget-heading\" data-id=\"1457fc4\" data-element_type=\"widget\" data-e-type=\"widget\" data-widget_type=\"heading.default\">\n\t\t\t\t\t<h2 class=\"elementor-heading-title elementor-size-default\">Barrita Fruit Bite<\/h2>\t\t\t\t<\/div>\n\t\t\t\t<div class=\"elementor-element elementor-element-c80d58d elementor-widget elementor-widget-text-editor\" data-id=\"c80d58d\" data-element_type=\"widget\" data-e-type=\"widget\" data-widget_type=\"text-editor.default\">\n\t\t\t\t\t\t\t\t\t<p>Fruta fresca de temporada preparada para que sus invitados la disfruten con nuestra exclusiva crema de la casa, toppings y lloviznas dulces para crear su combinaci\u00f3n perfecta.<\/p>\t\t\t\t\t\t\t\t<\/div>\n\t\t\t\t<div class=\"elementor-element elementor-element-e488245 elementor-widget elementor-widget-button\" data-id=\"e488245\" data-element_type=\"widget\" data-e-type=\"widget\" data-widget_type=\"button.default\">\n\t\t\t\t\t\t\t\t\t\t<a class=\"elementor-button elementor-button-link elementor-size-sm\" href=\"https:\/\/saborebitebar.com\/es\/producto\/fruit-toppings-bite-bar-reservation\/\" target=\"_blank\">\n\t\t\t\t\t\t<span class=\"elementor-button-content-wrapper\">\n\t\t\t\t\t\t\t\t\t<span class=\"elementor-button-text\">Reservar ahora<\/span>\n\t\t\t\t\t<\/span>\n\t\t\t\t\t<\/a>\n\t\t\t\t\t\t\t\t<\/div>\n\t\t\t\t<\/div>\n\t\t\t\t\t<\/div>\n\t\t\t\t<\/div>\n\t\t\t\t<\/div>","protected":false},"excerpt":{"rendered":"<p>Reserve Your Date Choose your favorite Bite Bar experience and reserve your date in just a few steps. We\u2019ll take care of every detail to make your event truly unforgettable. Our Signature Bite Bar Experiences Browse our options and reserve the experience that fits your event best. Charcuterie Bite Bar Elegant individual charcuterie servings featuring [&hellip;]<\/p>\n","protected":false},"author":3,"featured_media":0,"parent":0,"menu_order":0,"comment_status":"closed","ping_status":"closed","template":"","meta":{"_joinchat":[],"footnotes":""},"class_list":["post-100","page","type-page","status-publish","hentry"],"yoast_head":"<!-- This site is optimized with the Yoast SEO plugin v27.0 - https:\/\/yoast.com\/product\/yoast-seo-wordpress\/ -->\n<title>Reservations - Sabor\u00e9 Bite Bar<\/title>\n<meta name=\"robots\" content=\"index, follow, max-snippet:-1, max-image-preview:large, max-video-preview:-1\" \/>\n<link rel=\"canonical\" href=\"https:\/\/saborebitebar.com\/es\/reservations\/\" \/>\n<meta property=\"og:locale\" content=\"es_MX\" \/>\n<meta property=\"og:type\" content=\"article\" \/>\n<meta property=\"og:title\" content=\"Reservations - Sabor\u00e9 Bite Bar\" \/>\n<meta property=\"og:description\" content=\"Reserve Your Date Choose your favorite Bite Bar experience and reserve your date in just a few steps. We\u2019ll take care of every detail to make your event truly unforgettable. Our Signature Bite Bar Experiences Browse our options and reserve the experience that fits your event best. Charcuterie Bite Bar Elegant individual charcuterie servings featuring [&hellip;]\" \/>\n<meta property=\"og:url\" content=\"https:\/\/saborebitebar.com\/es\/reservations\/\" \/>\n<meta property=\"og:site_name\" content=\"Sabor\u00e9 Bite Bar\" \/>\n<meta property=\"article:modified_time\" content=\"2026-03-21T01:25:49+00:00\" \/>\n<meta property=\"og:image\" content=\"https:\/\/saborebitebar.com\/wp-content\/uploads\/2026\/03\/Stand-tablitas-1024x683.png\" \/>\n\t<meta property=\"og:image:width\" content=\"1024\" \/>\n\t<meta property=\"og:image:height\" content=\"683\" \/>\n\t<meta property=\"og:image:type\" content=\"image\/png\" \/>\n<meta name=\"twitter:card\" content=\"summary_large_image\" \/>\n<meta name=\"twitter:label1\" content=\"Tiempo de lectura\" \/>\n\t<meta name=\"twitter:data1\" content=\"1 minuto\" \/>\n<script type=\"application\/ld+json\" class=\"yoast-schema-graph\">{\"@context\":\"https:\/\/schema.org\",\"@graph\":[{\"@type\":\"WebPage\",\"@id\":\"https:\/\/saborebitebar.com\/reservations\/\",\"url\":\"https:\/\/saborebitebar.com\/reservations\/\",\"name\":\"Reservations - Sabor\u00e9 Bite Bar\",\"isPartOf\":{\"@id\":\"https:\/\/saborebitebar.com\/#website\"},\"primaryImageOfPage\":{\"@id\":\"https:\/\/saborebitebar.com\/reservations\/#primaryimage\"},\"image\":{\"@id\":\"https:\/\/saborebitebar.com\/reservations\/#primaryimage\"},\"thumbnailUrl\":\"https:\/\/saborebitebar.com\/wp-content\/uploads\/2026\/03\/Stand-tablitas-1024x683.png\",\"datePublished\":\"2025-12-30T06:54:39+00:00\",\"dateModified\":\"2026-03-21T01:25:49+00:00\",\"breadcrumb\":{\"@id\":\"https:\/\/saborebitebar.com\/reservations\/#breadcrumb\"},\"inLanguage\":\"es\",\"potentialAction\":[{\"@type\":\"ReadAction\",\"target\":[\"https:\/\/saborebitebar.com\/reservations\/\"]}]},{\"@type\":\"ImageObject\",\"inLanguage\":\"es\",\"@id\":\"https:\/\/saborebitebar.com\/reservations\/#primaryimage\",\"url\":\"https:\/\/saborebitebar.com\/wp-content\/uploads\/2026\/03\/Stand-tablitas-1024x683.png\",\"contentUrl\":\"https:\/\/saborebitebar.com\/wp-content\/uploads\/2026\/03\/Stand-tablitas-1024x683.png\"},{\"@type\":\"BreadcrumbList\",\"@id\":\"https:\/\/saborebitebar.com\/reservations\/#breadcrumb\",\"itemListElement\":[{\"@type\":\"ListItem\",\"position\":1,\"name\":\"Home\",\"item\":\"https:\/\/saborebitebar.com\/\"},{\"@type\":\"ListItem\",\"position\":2,\"name\":\"Reservations\"}]},{\"@type\":\"WebSite\",\"@id\":\"https:\/\/saborebitebar.com\/#website\",\"url\":\"https:\/\/saborebitebar.com\/\",\"name\":\"Sabor\u00e9 Bite Bar\",\"description\":\"\",\"publisher\":{\"@id\":\"https:\/\/saborebitebar.com\/#organization\"},\"potentialAction\":[{\"@type\":\"SearchAction\",\"target\":{\"@type\":\"EntryPoint\",\"urlTemplate\":\"https:\/\/saborebitebar.com\/?s={search_term_string}\"},\"query-input\":{\"@type\":\"PropertyValueSpecification\",\"valueRequired\":true,\"valueName\":\"search_term_string\"}}],\"inLanguage\":\"es\"},{\"@type\":\"Organization\",\"@id\":\"https:\/\/saborebitebar.com\/#organization\",\"name\":\"Sabor\u00e9 Bite Bar\",\"url\":\"https:\/\/saborebitebar.com\/\",\"logo\":{\"@type\":\"ImageObject\",\"inLanguage\":\"es\",\"@id\":\"https:\/\/saborebitebar.com\/#\/schema\/logo\/image\/\",\"url\":\"https:\/\/saborebitebar.com\/wp-content\/uploads\/2025\/12\/BEIGE-LINEAL.png\",\"contentUrl\":\"https:\/\/saborebitebar.com\/wp-content\/uploads\/2025\/12\/BEIGE-LINEAL.png\",\"width\":638,\"height\":384,\"caption\":\"Sabor\u00e9 Bite Bar\"},\"image\":{\"@id\":\"https:\/\/saborebitebar.com\/#\/schema\/logo\/image\/\"}}]}<\/script>\n<!-- \/ Yoast SEO plugin. -->","yoast_head_json":{"title":"Reservations - Sabor\u00e9 Bite Bar","robots":{"index":"index","follow":"follow","max-snippet":"max-snippet:-1","max-image-preview":"max-image-preview:large","max-video-preview":"max-video-preview:-1"},"canonical":"https:\/\/saborebitebar.com\/es\/reservations\/","og_locale":"es_MX","og_type":"article","og_title":"Reservations - Sabor\u00e9 Bite Bar","og_description":"Reserve Your Date Choose your favorite Bite Bar experience and reserve your date in just a few steps. We\u2019ll take care of every detail to make your event truly unforgettable. Our Signature Bite Bar Experiences Browse our options and reserve the experience that fits your event best. Charcuterie Bite Bar Elegant individual charcuterie servings featuring [&hellip;]","og_url":"https:\/\/saborebitebar.com\/es\/reservations\/","og_site_name":"Sabor\u00e9 Bite Bar","article_modified_time":"2026-03-21T01:25:49+00:00","og_image":[{"width":1024,"height":683,"url":"https:\/\/saborebitebar.com\/wp-content\/uploads\/2026\/03\/Stand-tablitas-1024x683.png","type":"image\/png"}],"twitter_card":"summary_large_image","twitter_misc":{"Tiempo de lectura":"1 minuto"},"schema":{"@context":"https:\/\/schema.org","@graph":[{"@type":"WebPage","@id":"https:\/\/saborebitebar.com\/reservations\/","url":"https:\/\/saborebitebar.com\/reservations\/","name":"Reservations - Sabor\u00e9 Bite Bar","isPartOf":{"@id":"https:\/\/saborebitebar.com\/#website"},"primaryImageOfPage":{"@id":"https:\/\/saborebitebar.com\/reservations\/#primaryimage"},"image":{"@id":"https:\/\/saborebitebar.com\/reservations\/#primaryimage"},"thumbnailUrl":"https:\/\/saborebitebar.com\/wp-content\/uploads\/2026\/03\/Stand-tablitas-1024x683.png","datePublished":"2025-12-30T06:54:39+00:00","dateModified":"2026-03-21T01:25:49+00:00","breadcrumb":{"@id":"https:\/\/saborebitebar.com\/reservations\/#breadcrumb"},"inLanguage":"es","potentialAction":[{"@type":"ReadAction","target":["https:\/\/saborebitebar.com\/reservations\/"]}]},{"@type":"ImageObject","inLanguage":"es","@id":"https:\/\/saborebitebar.com\/reservations\/#primaryimage","url":"https:\/\/saborebitebar.com\/wp-content\/uploads\/2026\/03\/Stand-tablitas-1024x683.png","contentUrl":"https:\/\/saborebitebar.com\/wp-content\/uploads\/2026\/03\/Stand-tablitas-1024x683.png"},{"@type":"BreadcrumbList","@id":"https:\/\/saborebitebar.com\/reservations\/#breadcrumb","itemListElement":[{"@type":"ListItem","position":1,"name":"Home","item":"https:\/\/saborebitebar.com\/"},{"@type":"ListItem","position":2,"name":"Reservations"}]},{"@type":"WebSite","@id":"https:\/\/saborebitebar.com\/#website","url":"https:\/\/saborebitebar.com\/","name":"Sabor\u00e9 Bite Bar","description":"","publisher":{"@id":"https:\/\/saborebitebar.com\/#organization"},"potentialAction":[{"@type":"SearchAction","target":{"@type":"EntryPoint","urlTemplate":"https:\/\/saborebitebar.com\/?s={search_term_string}"},"query-input":{"@type":"PropertyValueSpecification","valueRequired":true,"valueName":"search_term_string"}}],"inLanguage":"es"},{"@type":"Organization","@id":"https:\/\/saborebitebar.com\/#organization","name":"Sabor\u00e9 Bite Bar","url":"https:\/\/saborebitebar.com\/","logo":{"@type":"ImageObject","inLanguage":"es","@id":"https:\/\/saborebitebar.com\/#\/schema\/logo\/image\/","url":"https:\/\/saborebitebar.com\/wp-content\/uploads\/2025\/12\/BEIGE-LINEAL.png","contentUrl":"https:\/\/saborebitebar.com\/wp-content\/uploads\/2025\/12\/BEIGE-LINEAL.png","width":638,"height":384,"caption":"Sabor\u00e9 Bite Bar"},"image":{"@id":"https:\/\/saborebitebar.com\/#\/schema\/logo\/image\/"}}]}},"_links":{"self":[{"href":"https:\/\/saborebitebar.com\/es\/wp-json\/wp\/v2\/pages\/100","targetHints":{"allow":["GET"]}}],"collection":[{"href":"https:\/\/saborebitebar.com\/es\/wp-json\/wp\/v2\/pages"}],"about":[{"href":"https:\/\/saborebitebar.com\/es\/wp-json\/wp\/v2\/types\/page"}],"author":[{"embeddable":true,"href":"https:\/\/saborebitebar.com\/es\/wp-json\/wp\/v2\/users\/3"}],"replies":[{"embeddable":true,"href":"https:\/\/saborebitebar.com\/es\/wp-json\/wp\/v2\/comments?post=100"}],"version-history":[{"count":94,"href":"https:\/\/saborebitebar.com\/es\/wp-json\/wp\/v2\/pages\/100\/revisions"}],"predecessor-version":[{"id":823,"href":"https:\/\/saborebitebar.com\/es\/wp-json\/wp\/v2\/pages\/100\/revisions\/823"}],"wp:attachment":[{"href":"https:\/\/saborebitebar.com\/es\/wp-json\/wp\/v2\/media?parent=100"}],"curies":[{"name":"wp","href":"https:\/\/api.w.org\/{rel}","templated":true}]}}